{"id":19675,"date":"2020-04-25T22:36:42","date_gmt":"2020-04-25T20:36:42","guid":{"rendered":"https:\/\/www.popular-pictures.com\/english-speaking-production-fixer-stringer-and-field-producer-in-spain\/"},"modified":"2023-12-29T12:39:01","modified_gmt":"2023-12-29T12:39:01","slug":"english-speaking-production-fixer-stringer-and-field-producer-in-spain","status":"publish","type":"page","link":"https:\/\/www.popular-pictures.com\/es\/english-speaking-production-fixer-stringer-and-field-producer-in-spain\/","title":{"rendered":"Producci\u00f3n multiling\u00fce"},"content":{"rendered":"\t\t<div data-elementor-type=\"wp-page\" data-elementor-id=\"19675\" class=\"elementor elementor-19675 elementor-8774\" data-elementor-post-type=\"page\">\n\t\t\t\t\t\t<section class=\"elementor-section elementor-top-section elementor-element elementor-element-3407358e elementor-section-height-min-height elementor-section-boxed elementor-section-height-default elementor-section-items-middle\" data-id=\"3407358e\" data-element_type=\"section\" data-e-type=\"section\" data-settings=\"{&quot;background_background&quot;:&quot;video&quot;,&quot;background_video_link&quot;:&quot;https:\\\/\\\/vimeo.com\\\/413648537&quot;,&quot;background_video_start&quot;:0,&quot;background_video_end&quot;:0}\">\n\t\t\t\t\t\t\t\t<div class=\"elementor-background-video-container elementor-hidden-mobile\">\n\t\t\t\t\t\t\t\t\t\t\t\t\t<div class=\"elementor-background-video-embed\" role=\"presentation\"><\/div>\n\t\t\t\t\t\t\t\t\t\t\t\t<\/div>\n\t\t\t\t\t\t\t\t\t<div class=\"elementor-background-overlay\"><\/div>\n\t\t\t\t\t\t\t<div class=\"elementor-container elementor-column-gap-default\">\n\t\t\t\t\t<div class=\"elementor-column elementor-col-50 elementor-top-column elementor-element elementor-element-2adcc891\" data-id=\"2adcc891\" data-element_type=\"column\" data-e-type=\"column\">\n\t\t\t<div class=\"elementor-widget-wrap elementor-element-populated\">\n\t\t\t\t\t\t<section class=\"elementor-section elementor-inner-section elementor-element elementor-element-dbadfcc elementor-section-boxed elementor-section-height-default elementor-section-height-default\" data-id=\"dbadfcc\" data-element_type=\"section\" data-e-type=\"section\">\n\t\t\t\t\t\t<div class=\"elementor-container elementor-column-gap-default\">\n\t\t\t\t\t<div class=\"elementor-column elementor-col-50 elementor-inner-column elementor-element elementor-element-8436160\" data-id=\"8436160\" data-element_type=\"column\" data-e-type=\"column\">\n\t\t\t<div class=\"elementor-widget-wrap\">\n\t\t\t\t\t\t\t<\/div>\n\t\t<\/div>\n\t\t\t\t<div class=\"elementor-column elementor-col-50 elementor-inner-column elementor-element elementor-element-ad779de\" data-id=\"ad779de\" data-element_type=\"column\" data-e-type=\"column\">\n\t\t\t<div class=\"elementor-widget-wrap elementor-element-populated\">\n\t\t\t\t\t\t\t<\/div>\n\t\t<\/div>\n\t\t\t\t\t<\/div>\n\t\t<\/section>\n\t\t\t\t\t<\/div>\n\t\t<\/div>\n\t\t\t\t<div class=\"elementor-column elementor-col-50 elementor-top-column elementor-element elementor-element-8d9f13a\" data-id=\"8d9f13a\" data-element_type=\"column\" data-e-type=\"column\">\n\t\t\t<div class=\"elementor-widget-wrap elementor-element-populated\">\n\t\t\t\t\t\t<div class=\"elementor-element elementor-element-93b2179 elementor-widget__width-initial elementor-absolute elementor-widget elementor-widget-heading\" data-id=\"93b2179\" data-element_type=\"widget\" data-e-type=\"widget\" data-settings=\"{&quot;_position&quot;:&quot;absolute&quot;}\" data-widget_type=\"heading.default\">\n\t\t\t\t<div class=\"elementor-widget-container\">\n\t\t\t\t\t<h2 class=\"elementor-heading-title elementor-size-default\">Productores Multiling\u00fces  y servicios de producci\u00f3n<\/h2>\t\t\t\t<\/div>\n\t\t\t\t<\/div>\n\t\t\t\t\t<\/div>\n\t\t<\/div>\n\t\t\t\t\t<\/div>\n\t\t<\/section>\n\t\t\t\t<section class=\"elementor-section elementor-top-section elementor-element elementor-element-576aca52 elementor-section-full_width elementor-section-height-default elementor-section-height-default\" data-id=\"576aca52\" data-element_type=\"section\" data-e-type=\"section\" data-settings=\"{&quot;background_background&quot;:&quot;gradient&quot;}\">\n\t\t\t\t\t\t<div class=\"elementor-container elementor-column-gap-no\">\n\t\t\t\t\t<div class=\"elementor-column elementor-col-100 elementor-top-column elementor-element elementor-element-7bfad65b\" data-id=\"7bfad65b\" data-element_type=\"column\" data-e-type=\"column\" data-settings=\"{&quot;background_background&quot;:&quot;classic&quot;}\">\n\t\t\t<div class=\"elementor-widget-wrap elementor-element-populated\">\n\t\t\t\t\t\t<section class=\"elementor-section elementor-inner-section elementor-element elementor-element-3e55ef9 elementor-section-boxed elementor-section-height-default elementor-section-height-default\" data-id=\"3e55ef9\" data-element_type=\"section\" data-e-type=\"section\" data-settings=\"{&quot;background_background&quot;:&quot;classic&quot;}\">\n\t\t\t\t\t\t\t<div class=\"elementor-background-overlay\"><\/div>\n\t\t\t\t\t\t\t<div class=\"elementor-container elementor-column-gap-no\">\n\t\t\t\t\t<div class=\"elementor-column elementor-col-100 elementor-inner-column elementor-element elementor-element-1ea28b18\" data-id=\"1ea28b18\" data-element_type=\"column\" data-e-type=\"column\" data-settings=\"{&quot;background_background&quot;:&quot;classic&quot;}\">\n\t\t\t<div class=\"elementor-widget-wrap elementor-element-populated\">\n\t\t\t\t\t\t\t<\/div>\n\t\t<\/div>\n\t\t\t\t\t<\/div>\n\t\t<\/section>\n\t\t\t\t\t<\/div>\n\t\t<\/div>\n\t\t\t\t\t<\/div>\n\t\t<\/section>\n\t\t\t\t<section class=\"elementor-section elementor-top-section elementor-element elementor-element-12f959eb elementor-section-boxed elementor-section-height-default elementor-section-height-default\" data-id=\"12f959eb\" data-element_type=\"section\" data-e-type=\"section\" data-settings=\"{&quot;background_background&quot;:&quot;gradient&quot;}\">\n\t\t\t\t\t\t<div class=\"elementor-container elementor-column-gap-no\">\n\t\t\t\t\t<div class=\"elementor-column elementor-col-100 elementor-top-column elementor-element elementor-element-31057bf0\" data-id=\"31057bf0\" data-element_type=\"column\" data-e-type=\"column\">\n\t\t\t<div class=\"elementor-widget-wrap elementor-element-populated\">\n\t\t\t\t\t\t<section class=\"elementor-section elementor-inner-section elementor-element elementor-element-65727b31 elementor-section-boxed elementor-section-height-default elementor-section-height-default\" data-id=\"65727b31\" data-element_type=\"section\" data-e-type=\"section\">\n\t\t\t\t\t\t<div class=\"elementor-container elementor-column-gap-default\">\n\t\t\t\t\t<div class=\"elementor-column elementor-col-100 elementor-inner-column elementor-element elementor-element-2c35b745\" data-id=\"2c35b745\" data-element_type=\"column\" data-e-type=\"column\">\n\t\t\t<div class=\"elementor-widget-wrap elementor-element-populated\">\n\t\t\t\t\t\t<div class=\"elementor-element elementor-element-73ea4da0 elementor-widget elementor-widget-text-editor\" data-id=\"73ea4da0\" data-element_type=\"widget\" data-e-type=\"widget\" data-widget_type=\"text-editor.default\">\n\t\t\t\t<div class=\"elementor-widget-container\">\n\t\t\t\t\t\t\t\t\t<p><b>\u00a1Somos especialistas en producci\u00f3n multiling\u00fce!<span class=\"Apple-converted-space\">\u00a0<\/span><\/b><\/p><p>Nos hacemos cargo de traducciones, b\u00fasqueda de localizaciones, gesti\u00f3n de permisos, presentaci\u00f3n de solicitudes, consultas, etc. en varios idiomas (alem\u00e1n, ingl\u00e9s\u2026) y trabajamos desde hace m\u00e1s que 10 a\u00f1os en producciones internacionales y siempre hemos sido un gran soporte en proyectos multiling\u00fces.<\/p>\t\t\t\t\t\t\t\t<\/div>\n\t\t\t\t<\/div>\n\t\t\t\t\t<\/div>\n\t\t<\/div>\n\t\t\t\t\t<\/div>\n\t\t<\/section>\n\t\t\t\t\t<\/div>\n\t\t<\/div>\n\t\t\t\t\t<\/div>\n\t\t<\/section>\n\t\t\t\t<section class=\"elementor-section elementor-top-section elementor-element elementor-element-dd96cf2 elementor-section-height-min-height elementor-section-boxed elementor-section-height-default elementor-section-items-middle\" data-id=\"dd96cf2\" data-element_type=\"section\" data-e-type=\"section\" data-settings=\"{&quot;background_background&quot;:&quot;classic&quot;}\">\n\t\t\t\t\t\t\t<div class=\"elementor-background-overlay\"><\/div>\n\t\t\t\t\t\t\t<div class=\"elementor-container elementor-column-gap-no\">\n\t\t\t\t\t<div class=\"elementor-column elementor-col-100 elementor-top-column elementor-element elementor-element-e9d3e38\" data-id=\"e9d3e38\" data-element_type=\"column\" data-e-type=\"column\">\n\t\t\t<div class=\"elementor-widget-wrap elementor-element-populated\">\n\t\t\t\t\t\t<div class=\"elementor-element elementor-element-d46d74a elementor-button-info elementor-align-center elementor-widget elementor-widget-button\" data-id=\"d46d74a\" data-element_type=\"widget\" data-e-type=\"widget\" data-widget_type=\"button.default\">\n\t\t\t\t<div class=\"elementor-widget-container\">\n\t\t\t\t\t\t\t\t\t<div class=\"elementor-button-wrapper\">\n\t\t\t\t\t<a class=\"elementor-button elementor-button-link elementor-size-xl\" href=\"#\">\n\t\t\t\t\t\t<span class=\"elementor-button-content-wrapper\">\n\t\t\t\t\t\t\t\t\t<span class=\"elementor-button-text\">&gt; CONTACTO &lt;<\/span>\n\t\t\t\t\t<\/span>\n\t\t\t\t\t<\/a>\n\t\t\t\t<\/div>\n\t\t\t\t\t\t\t\t<\/div>\n\t\t\t\t<\/div>\n\t\t\t\t\t<\/div>\n\t\t<\/div>\n\t\t\t\t\t<\/div>\n\t\t<\/section>\n\t\t\t\t<\/div>\n\t\t","protected":false},"excerpt":{"rendered":"<p>Productores Multiling\u00fces y servicios de producci\u00f3n \u00a1Somos especialistas en producci\u00f3n multiling\u00fce!\u00a0 Nos hacemos cargo de traducciones, b\u00fasqueda de localizaciones, gesti\u00f3n de permisos, presentaci\u00f3n de solicitudes, consultas, etc. en varios idiomas (alem\u00e1n, ingl\u00e9s\u2026) y trabajamos desde hace m\u00e1s que 10 a\u00f1os en producciones internacionales y siempre hemos sido un gran soporte en proyectos multiling\u00fces. > CONTACTO [&hellip;]<\/p>\n","protected":false},"author":1,"featured_media":25009,"parent":0,"menu_order":0,"comment_status":"closed","ping_status":"closed","template":"","meta":{"footnotes":""},"categories":[],"tags":[],"class_list":["post-19675","page","type-page","status-publish","has-post-thumbnail","hentry"],"yoast_head":"<!-- This site is optimized with the Yoast SEO plugin v27.3 - https:\/\/yoast.com\/product\/yoast-seo-wordpress\/ -->\n<title>Producci\u00f3n multiling\u00fce - english video crew spain - Popular Pictures<\/title>\n<meta name=\"description\" content=\"We provide you with multilingual fixer in Barcelona, Madrid, Malaga, Valencia, Alicante, Mallorca, Zaragoza, Bilbao and the rest of Spain.\" \/>\n<meta name=\"robots\" content=\"index, follow, max-snippet:-1, max-image-preview:large, max-video-preview:-1\" \/>\n<link rel=\"canonical\" href=\"https:\/\/www.popular-pictures.com\/es\/english-speaking-production-fixer-stringer-and-field-producer-in-spain\/\" \/>\n<meta property=\"og:locale\" content=\"es_ES\" \/>\n<meta property=\"og:type\" content=\"article\" \/>\n<meta property=\"og:title\" content=\"Producci\u00f3n multiling\u00fce - english video crew spain - Popular Pictures\" \/>\n<meta property=\"og:description\" content=\"We provide you with multilingual fixer in Barcelona, Madrid, Malaga, Valencia, Alicante, Mallorca, Zaragoza, Bilbao and the rest of Spain.\" \/>\n<meta property=\"og:url\" content=\"https:\/\/www.popular-pictures.com\/es\/english-speaking-production-fixer-stringer-and-field-producer-in-spain\/\" \/>\n<meta property=\"og:site_name\" content=\"english video crew spain - Popular Pictures\" \/>\n<meta property=\"article:publisher\" content=\"https:\/\/www.facebook.com\/PopularPictures\/\" \/>\n<meta property=\"article:modified_time\" content=\"2023-12-29T12:39:01+00:00\" \/>\n<meta property=\"og:image\" content=\"https:\/\/www.popular-pictures.com\/wp-content\/uploads\/2022\/10\/Fixer-Spain.jpeg\" \/>\n\t<meta property=\"og:image:width\" content=\"960\" \/>\n\t<meta property=\"og:image:height\" content=\"540\" \/>\n\t<meta property=\"og:image:type\" content=\"image\/jpeg\" \/>\n<meta name=\"twitter:card\" content=\"summary_large_image\" \/>\n<meta name=\"twitter:label1\" content=\"Tiempo de lectura\" \/>\n\t<meta name=\"twitter:data1\" content=\"1 minuto\" \/>\n<script type=\"application\/ld+json\" class=\"yoast-schema-graph\">{\"@context\":\"https:\\\/\\\/schema.org\",\"@graph\":[{\"@type\":\"WebPage\",\"@id\":\"https:\\\/\\\/www.popular-pictures.com\\\/es\\\/english-speaking-production-fixer-stringer-and-field-producer-in-spain\\\/\",\"url\":\"https:\\\/\\\/www.popular-pictures.com\\\/es\\\/english-speaking-production-fixer-stringer-and-field-producer-in-spain\\\/\",\"name\":\"Producci\u00f3n multiling\u00fce - english video crew spain - Popular Pictures\",\"isPartOf\":{\"@id\":\"https:\\\/\\\/www.popular-pictures.com\\\/es\\\/#website\"},\"primaryImageOfPage\":{\"@id\":\"https:\\\/\\\/www.popular-pictures.com\\\/es\\\/english-speaking-production-fixer-stringer-and-field-producer-in-spain\\\/#primaryimage\"},\"image\":{\"@id\":\"https:\\\/\\\/www.popular-pictures.com\\\/es\\\/english-speaking-production-fixer-stringer-and-field-producer-in-spain\\\/#primaryimage\"},\"thumbnailUrl\":\"https:\\\/\\\/www.popular-pictures.com\\\/wp-content\\\/uploads\\\/2022\\\/10\\\/Fixer-Spain.jpeg\",\"datePublished\":\"2020-04-25T20:36:42+00:00\",\"dateModified\":\"2023-12-29T12:39:01+00:00\",\"description\":\"We provide you with multilingual fixer in Barcelona, Madrid, Malaga, Valencia, Alicante, Mallorca, Zaragoza, Bilbao and the rest of Spain.\",\"breadcrumb\":{\"@id\":\"https:\\\/\\\/www.popular-pictures.com\\\/es\\\/english-speaking-production-fixer-stringer-and-field-producer-in-spain\\\/#breadcrumb\"},\"inLanguage\":\"es\",\"potentialAction\":[{\"@type\":\"ReadAction\",\"target\":[\"https:\\\/\\\/www.popular-pictures.com\\\/es\\\/english-speaking-production-fixer-stringer-and-field-producer-in-spain\\\/\"]}]},{\"@type\":\"ImageObject\",\"inLanguage\":\"es\",\"@id\":\"https:\\\/\\\/www.popular-pictures.com\\\/es\\\/english-speaking-production-fixer-stringer-and-field-producer-in-spain\\\/#primaryimage\",\"url\":\"https:\\\/\\\/www.popular-pictures.com\\\/wp-content\\\/uploads\\\/2022\\\/10\\\/Fixer-Spain.jpeg\",\"contentUrl\":\"https:\\\/\\\/www.popular-pictures.com\\\/wp-content\\\/uploads\\\/2022\\\/10\\\/Fixer-Spain.jpeg\",\"width\":960,\"height\":540},{\"@type\":\"BreadcrumbList\",\"@id\":\"https:\\\/\\\/www.popular-pictures.com\\\/es\\\/english-speaking-production-fixer-stringer-and-field-producer-in-spain\\\/#breadcrumb\",\"itemListElement\":[{\"@type\":\"ListItem\",\"position\":1,\"name\":\"Home\",\"item\":\"https:\\\/\\\/www.popular-pictures.com\\\/es\\\/\"},{\"@type\":\"ListItem\",\"position\":2,\"name\":\"Producci\u00f3n multiling\u00fce\"}]},{\"@type\":\"WebSite\",\"@id\":\"https:\\\/\\\/www.popular-pictures.com\\\/es\\\/#website\",\"url\":\"https:\\\/\\\/www.popular-pictures.com\\\/es\\\/\",\"name\":\"english video crew spain - Popular Pictures\",\"description\":\"deutschsprachiges Kamerateam Spanien\",\"publisher\":{\"@id\":\"https:\\\/\\\/www.popular-pictures.com\\\/es\\\/#organization\"},\"potentialAction\":[{\"@type\":\"SearchAction\",\"target\":{\"@type\":\"EntryPoint\",\"urlTemplate\":\"https:\\\/\\\/www.popular-pictures.com\\\/es\\\/?s={search_term_string}\"},\"query-input\":{\"@type\":\"PropertyValueSpecification\",\"valueRequired\":true,\"valueName\":\"search_term_string\"}}],\"inLanguage\":\"es\"},{\"@type\":\"Organization\",\"@id\":\"https:\\\/\\\/www.popular-pictures.com\\\/es\\\/#organization\",\"name\":\"english video crew spain - Popular Pictures\",\"url\":\"https:\\\/\\\/www.popular-pictures.com\\\/es\\\/\",\"logo\":{\"@type\":\"ImageObject\",\"inLanguage\":\"es\",\"@id\":\"https:\\\/\\\/www.popular-pictures.com\\\/es\\\/#\\\/schema\\\/logo\\\/image\\\/\",\"url\":\"https:\\\/\\\/www.popular-pictures.com\\\/wp-content\\\/uploads\\\/2021\\\/11\\\/popularpictures-video-production-spain.png\",\"contentUrl\":\"https:\\\/\\\/www.popular-pictures.com\\\/wp-content\\\/uploads\\\/2021\\\/11\\\/popularpictures-video-production-spain.png\",\"width\":2048,\"height\":607,\"caption\":\"english video crew spain - Popular Pictures\"},\"image\":{\"@id\":\"https:\\\/\\\/www.popular-pictures.com\\\/es\\\/#\\\/schema\\\/logo\\\/image\\\/\"},\"sameAs\":[\"https:\\\/\\\/www.facebook.com\\\/PopularPictures\\\/\",\"https:\\\/\\\/www.instagram.com\\\/popularpicturesmedia\",\"https:\\\/\\\/www.linkedin.com\\\/company\\\/popular-pictures\"]}]}<\/script>\n<!-- \/ Yoast SEO plugin. -->","yoast_head_json":{"title":"Producci\u00f3n multiling\u00fce - english video crew spain - Popular Pictures","description":"We provide you with multilingual fixer in Barcelona, Madrid, Malaga, Valencia, Alicante, Mallorca, Zaragoza, Bilbao and the rest of Spain.","robots":{"index":"index","follow":"follow","max-snippet":"max-snippet:-1","max-image-preview":"max-image-preview:large","max-video-preview":"max-video-preview:-1"},"canonical":"https:\/\/www.popular-pictures.com\/es\/english-speaking-production-fixer-stringer-and-field-producer-in-spain\/","og_locale":"es_ES","og_type":"article","og_title":"Producci\u00f3n multiling\u00fce - english video crew spain - Popular Pictures","og_description":"We provide you with multilingual fixer in Barcelona, Madrid, Malaga, Valencia, Alicante, Mallorca, Zaragoza, Bilbao and the rest of Spain.","og_url":"https:\/\/www.popular-pictures.com\/es\/english-speaking-production-fixer-stringer-and-field-producer-in-spain\/","og_site_name":"english video crew spain - Popular Pictures","article_publisher":"https:\/\/www.facebook.com\/PopularPictures\/","article_modified_time":"2023-12-29T12:39:01+00:00","og_image":[{"width":960,"height":540,"url":"https:\/\/www.popular-pictures.com\/wp-content\/uploads\/2022\/10\/Fixer-Spain.jpeg","type":"image\/jpeg"}],"twitter_card":"summary_large_image","twitter_misc":{"Tiempo de lectura":"1 minuto"},"schema":{"@context":"https:\/\/schema.org","@graph":[{"@type":"WebPage","@id":"https:\/\/www.popular-pictures.com\/es\/english-speaking-production-fixer-stringer-and-field-producer-in-spain\/","url":"https:\/\/www.popular-pictures.com\/es\/english-speaking-production-fixer-stringer-and-field-producer-in-spain\/","name":"Producci\u00f3n multiling\u00fce - english video crew spain - Popular Pictures","isPartOf":{"@id":"https:\/\/www.popular-pictures.com\/es\/#website"},"primaryImageOfPage":{"@id":"https:\/\/www.popular-pictures.com\/es\/english-speaking-production-fixer-stringer-and-field-producer-in-spain\/#primaryimage"},"image":{"@id":"https:\/\/www.popular-pictures.com\/es\/english-speaking-production-fixer-stringer-and-field-producer-in-spain\/#primaryimage"},"thumbnailUrl":"https:\/\/www.popular-pictures.com\/wp-content\/uploads\/2022\/10\/Fixer-Spain.jpeg","datePublished":"2020-04-25T20:36:42+00:00","dateModified":"2023-12-29T12:39:01+00:00","description":"We provide you with multilingual fixer in Barcelona, Madrid, Malaga, Valencia, Alicante, Mallorca, Zaragoza, Bilbao and the rest of Spain.","breadcrumb":{"@id":"https:\/\/www.popular-pictures.com\/es\/english-speaking-production-fixer-stringer-and-field-producer-in-spain\/#breadcrumb"},"inLanguage":"es","potentialAction":[{"@type":"ReadAction","target":["https:\/\/www.popular-pictures.com\/es\/english-speaking-production-fixer-stringer-and-field-producer-in-spain\/"]}]},{"@type":"ImageObject","inLanguage":"es","@id":"https:\/\/www.popular-pictures.com\/es\/english-speaking-production-fixer-stringer-and-field-producer-in-spain\/#primaryimage","url":"https:\/\/www.popular-pictures.com\/wp-content\/uploads\/2022\/10\/Fixer-Spain.jpeg","contentUrl":"https:\/\/www.popular-pictures.com\/wp-content\/uploads\/2022\/10\/Fixer-Spain.jpeg","width":960,"height":540},{"@type":"BreadcrumbList","@id":"https:\/\/www.popular-pictures.com\/es\/english-speaking-production-fixer-stringer-and-field-producer-in-spain\/#breadcrumb","itemListElement":[{"@type":"ListItem","position":1,"name":"Home","item":"https:\/\/www.popular-pictures.com\/es\/"},{"@type":"ListItem","position":2,"name":"Producci\u00f3n multiling\u00fce"}]},{"@type":"WebSite","@id":"https:\/\/www.popular-pictures.com\/es\/#website","url":"https:\/\/www.popular-pictures.com\/es\/","name":"english video crew spain - Popular Pictures","description":"deutschsprachiges Kamerateam Spanien","publisher":{"@id":"https:\/\/www.popular-pictures.com\/es\/#organization"},"potentialAction":[{"@type":"SearchAction","target":{"@type":"EntryPoint","urlTemplate":"https:\/\/www.popular-pictures.com\/es\/?s={search_term_string}"},"query-input":{"@type":"PropertyValueSpecification","valueRequired":true,"valueName":"search_term_string"}}],"inLanguage":"es"},{"@type":"Organization","@id":"https:\/\/www.popular-pictures.com\/es\/#organization","name":"english video crew spain - Popular Pictures","url":"https:\/\/www.popular-pictures.com\/es\/","logo":{"@type":"ImageObject","inLanguage":"es","@id":"https:\/\/www.popular-pictures.com\/es\/#\/schema\/logo\/image\/","url":"https:\/\/www.popular-pictures.com\/wp-content\/uploads\/2021\/11\/popularpictures-video-production-spain.png","contentUrl":"https:\/\/www.popular-pictures.com\/wp-content\/uploads\/2021\/11\/popularpictures-video-production-spain.png","width":2048,"height":607,"caption":"english video crew spain - Popular Pictures"},"image":{"@id":"https:\/\/www.popular-pictures.com\/es\/#\/schema\/logo\/image\/"},"sameAs":["https:\/\/www.facebook.com\/PopularPictures\/","https:\/\/www.instagram.com\/popularpicturesmedia","https:\/\/www.linkedin.com\/company\/popular-pictures"]}]}},"_links":{"self":[{"href":"https:\/\/www.popular-pictures.com\/es\/wp-json\/wp\/v2\/pages\/19675","targetHints":{"allow":["GET"]}}],"collection":[{"href":"https:\/\/www.popular-pictures.com\/es\/wp-json\/wp\/v2\/pages"}],"about":[{"href":"https:\/\/www.popular-pictures.com\/es\/wp-json\/wp\/v2\/types\/page"}],"author":[{"embeddable":true,"href":"https:\/\/www.popular-pictures.com\/es\/wp-json\/wp\/v2\/users\/1"}],"replies":[{"embeddable":true,"href":"https:\/\/www.popular-pictures.com\/es\/wp-json\/wp\/v2\/comments?post=19675"}],"version-history":[{"count":27,"href":"https:\/\/www.popular-pictures.com\/es\/wp-json\/wp\/v2\/pages\/19675\/revisions"}],"predecessor-version":[{"id":26258,"href":"https:\/\/www.popular-pictures.com\/es\/wp-json\/wp\/v2\/pages\/19675\/revisions\/26258"}],"wp:featuredmedia":[{"embeddable":true,"href":"https:\/\/www.popular-pictures.com\/es\/wp-json\/wp\/v2\/media\/25009"}],"wp:attachment":[{"href":"https:\/\/www.popular-pictures.com\/es\/wp-json\/wp\/v2\/media?parent=19675"}],"wp:term":[{"taxonomy":"category","embeddable":true,"href":"https:\/\/www.popular-pictures.com\/es\/wp-json\/wp\/v2\/categories?post=19675"},{"taxonomy":"post_tag","embeddable":true,"href":"https:\/\/www.popular-pictures.com\/es\/wp-json\/wp\/v2\/tags?post=19675"}],"curies":[{"name":"wp","href":"https:\/\/api.w.org\/{rel}","templated":true}]}}