{"id":19542,"date":"2011-05-15T00:32:40","date_gmt":"2011-05-15T00:32:40","guid":{"rendered":"https:\/\/www.popular-pictures.com\/camera-crew-spain\/"},"modified":"2026-02-06T07:59:30","modified_gmt":"2026-02-06T07:59:30","slug":"camera-crew-spain","status":"publish","type":"page","link":"https:\/\/www.popular-pictures.com\/es\/camera-crew-spain\/","title":{"rendered":"operador de c\u00e1mara biling\u00fce"},"content":{"rendered":"\t\t<div data-elementor-type=\"wp-page\" data-elementor-id=\"19542\" class=\"elementor elementor-19542 elementor-46\" data-elementor-post-type=\"page\">\n\t\t\t\t\t\t<section class=\"elementor-section elementor-top-section elementor-element elementor-element-3f0d57ff elementor-section-height-min-height elementor-section-full_width elementor-section-height-default elementor-section-items-middle\" data-id=\"3f0d57ff\" data-element_type=\"section\" data-e-type=\"section\" data-settings=\"{&quot;background_background&quot;:&quot;video&quot;,&quot;background_video_link&quot;:&quot;https:\\\/\\\/vimeo.com\\\/413648901&quot;,&quot;background_video_start&quot;:1,&quot;background_video_end&quot;:8}\">\n\t\t\t\t\t\t\t\t<div class=\"elementor-background-video-container elementor-hidden-mobile\">\n\t\t\t\t\t\t\t\t\t\t\t\t\t<div class=\"elementor-background-video-embed\" role=\"presentation\"><\/div>\n\t\t\t\t\t\t\t\t\t\t\t\t<\/div>\n\t\t\t\t\t\t\t\t\t<div class=\"elementor-background-overlay\"><\/div>\n\t\t\t\t\t\t\t<div class=\"elementor-container elementor-column-gap-default\">\n\t\t\t\t\t<div class=\"elementor-column elementor-col-100 elementor-top-column elementor-element elementor-element-32d863ec\" data-id=\"32d863ec\" data-element_type=\"column\" data-e-type=\"column\">\n\t\t\t<div class=\"elementor-widget-wrap elementor-element-populated\">\n\t\t\t\t\t\t<section class=\"elementor-section elementor-inner-section elementor-element elementor-element-c1f92b1 elementor-section-content-space-between elementor-section-boxed elementor-section-height-default elementor-section-height-default\" data-id=\"c1f92b1\" data-element_type=\"section\" data-e-type=\"section\">\n\t\t\t\t\t\t<div class=\"elementor-container elementor-column-gap-wide\">\n\t\t\t\t\t<div class=\"elementor-column elementor-col-50 elementor-inner-column elementor-element elementor-element-d9f7ace\" data-id=\"d9f7ace\" data-element_type=\"column\" data-e-type=\"column\">\n\t\t\t<div class=\"elementor-widget-wrap\">\n\t\t\t\t\t\t\t<\/div>\n\t\t<\/div>\n\t\t\t\t<div class=\"elementor-column elementor-col-50 elementor-inner-column elementor-element elementor-element-3d5c004\" data-id=\"3d5c004\" data-element_type=\"column\" data-e-type=\"column\">\n\t\t\t<div class=\"elementor-widget-wrap elementor-element-populated\">\n\t\t\t\t\t\t<div class=\"elementor-element elementor-element-7303712 elementor-absolute elementor-widget elementor-widget-text-editor\" data-id=\"7303712\" data-element_type=\"widget\" data-e-type=\"widget\" data-settings=\"{&quot;_position&quot;:&quot;absolute&quot;}\" data-widget_type=\"text-editor.default\">\n\t\t\t\t<div class=\"elementor-widget-container\">\n\t\t\t\t\t\t\t\t\t<p>Ponemos a vuestra disposici\u00f3n el personal (operadores de c\u00e1mara, t\u00e9cnicos audiovisuales) y todo el material t\u00e9cnico necesario para llevar a cabo cualquier producci\u00f3n audiovisual profesional. Ya sean programas televisivos, v\u00eddeos promocionales, producciones corporativas, spots publicitarios, v\u00eddeos de conferencias, entrevistas, presentaciones de productos, producciones multic\u00e1mara, live-streaming y webcasts. Adem\u00e1s de nuestra larga trayectoria y experiencia en la industria audiovisual somos un equipo multiling\u00fce. Hablamos alem\u00e1n, ingl\u00e9s, espa\u00f1ol, franc\u00e9s, catal\u00e1n y conocemos muy bien los flujos de trabajo en producciones internacionales. <span class=\"Apple-converted-space\">\u00a0<\/span><\/p>\t\t\t\t\t\t\t\t<\/div>\n\t\t\t\t<\/div>\n\t\t\t\t\t<\/div>\n\t\t<\/div>\n\t\t\t\t\t<\/div>\n\t\t<\/section>\n\t\t\t\t<div class=\"elementor-element elementor-element-cbdff63 elementor-widget__width-initial elementor-absolute elementor-widget elementor-widget-heading\" data-id=\"cbdff63\" data-element_type=\"widget\" data-e-type=\"widget\" data-settings=\"{&quot;_position&quot;:&quot;absolute&quot;}\" data-widget_type=\"heading.default\">\n\t\t\t\t<div class=\"elementor-widget-container\">\n\t\t\t\t\t<h1 class=\"elementor-heading-title elementor-size-default\">Producci\u00f3n de v\u00eddeo  biling\u00fce<\/h1>\t\t\t\t<\/div>\n\t\t\t\t<\/div>\n\t\t\t\t\t<\/div>\n\t\t<\/div>\n\t\t\t\t\t<\/div>\n\t\t<\/section>\n\t\t\t\t<section class=\"elementor-section elementor-top-section elementor-element elementor-element-fb70f8e elementor-section-full_width elementor-section-height-default elementor-section-height-default\" data-id=\"fb70f8e\" data-element_type=\"section\" data-e-type=\"section\" data-settings=\"{&quot;background_background&quot;:&quot;classic&quot;}\">\n\t\t\t\t\t\t<div class=\"elementor-container elementor-column-gap-default\">\n\t\t\t\t\t<div class=\"elementor-column elementor-col-100 elementor-top-column elementor-element elementor-element-484b736\" data-id=\"484b736\" data-element_type=\"column\" data-e-type=\"column\" data-settings=\"{&quot;background_background&quot;:&quot;gradient&quot;}\">\n\t\t\t<div class=\"elementor-widget-wrap elementor-element-populated\">\n\t\t\t\t\t\t<section class=\"elementor-section elementor-inner-section elementor-element elementor-element-34f62e7 elementor-section-boxed elementor-section-height-default elementor-section-height-default\" data-id=\"34f62e7\" data-element_type=\"section\" data-e-type=\"section\" data-settings=\"{&quot;background_background&quot;:&quot;classic&quot;}\">\n\t\t\t\t\t\t\t<div class=\"elementor-background-overlay\"><\/div>\n\t\t\t\t\t\t\t<div class=\"elementor-container elementor-column-gap-default\">\n\t\t\t\t\t<div class=\"elementor-column elementor-col-100 elementor-inner-column elementor-element elementor-element-a2a0861\" data-id=\"a2a0861\" data-element_type=\"column\" data-e-type=\"column\" data-settings=\"{&quot;background_background&quot;:&quot;classic&quot;}\">\n\t\t\t<div class=\"elementor-widget-wrap elementor-element-populated\">\n\t\t\t\t\t\t\t<\/div>\n\t\t<\/div>\n\t\t\t\t\t<\/div>\n\t\t<\/section>\n\t\t\t\t\t<\/div>\n\t\t<\/div>\n\t\t\t\t\t<\/div>\n\t\t<\/section>\n\t\t\t\t<\/div>\n\t\t","protected":false},"excerpt":{"rendered":"<p>Ponemos a vuestra disposici\u00f3n el personal (operadores de c\u00e1mara, t\u00e9cnicos audiovisuales) y todo el material t\u00e9cnico necesario para llevar a cabo cualquier producci\u00f3n audiovisual profesional. Ya sean programas televisivos, v\u00eddeos promocionales, producciones corporativas, spots publicitarios, v\u00eddeos de conferencias, entrevistas, presentaciones de productos, producciones multic\u00e1mara, live-streaming y webcasts. Adem\u00e1s de nuestra larga trayectoria y experiencia en [&hellip;]<\/p>\n","protected":false},"author":1,"featured_media":0,"parent":0,"menu_order":0,"comment_status":"open","ping_status":"closed","template":"","meta":{"footnotes":""},"categories":[],"tags":[],"class_list":["post-19542","page","type-page","status-publish","hentry"],"yoast_head":"<!-- This site is optimized with the Yoast SEO plugin v27.3 - https:\/\/yoast.com\/product\/yoast-seo-wordpress\/ -->\n<title>operador de c\u00e1mara biling\u00fce - english video crew spain - Popular Pictures<\/title>\n<meta name=\"description\" content=\"c\u00e1mara profesional multiling\u00fce para capturar im\u00e1genes en producciones audiovisuales (cine, TV, eventos).\" \/>\n<meta name=\"robots\" content=\"index, follow, max-snippet:-1, max-image-preview:large, max-video-preview:-1\" \/>\n<link rel=\"canonical\" href=\"https:\/\/www.popular-pictures.com\/es\/camera-crew-spain\/\" \/>\n<meta property=\"og:locale\" content=\"es_ES\" \/>\n<meta property=\"og:type\" content=\"article\" \/>\n<meta property=\"og:title\" content=\"operador de c\u00e1mara biling\u00fce - english video crew spain - Popular Pictures\" \/>\n<meta property=\"og:description\" content=\"c\u00e1mara profesional multiling\u00fce para capturar im\u00e1genes en producciones audiovisuales (cine, TV, eventos).\" \/>\n<meta property=\"og:url\" content=\"https:\/\/www.popular-pictures.com\/es\/camera-crew-spain\/\" \/>\n<meta property=\"og:site_name\" content=\"english video crew spain - Popular Pictures\" \/>\n<meta property=\"article:publisher\" content=\"https:\/\/www.facebook.com\/PopularPictures\/\" \/>\n<meta property=\"article:modified_time\" content=\"2026-02-06T07:59:30+00:00\" \/>\n<meta name=\"twitter:card\" content=\"summary_large_image\" \/>\n<meta name=\"twitter:label1\" content=\"Tiempo de lectura\" \/>\n\t<meta name=\"twitter:data1\" content=\"1 minuto\" \/>\n<script type=\"application\/ld+json\" class=\"yoast-schema-graph\">{\"@context\":\"https:\\\/\\\/schema.org\",\"@graph\":[{\"@type\":\"WebPage\",\"@id\":\"https:\\\/\\\/www.popular-pictures.com\\\/es\\\/camera-crew-spain\\\/\",\"url\":\"https:\\\/\\\/www.popular-pictures.com\\\/es\\\/camera-crew-spain\\\/\",\"name\":\"operador de c\u00e1mara biling\u00fce - english video crew spain - Popular Pictures\",\"isPartOf\":{\"@id\":\"https:\\\/\\\/www.popular-pictures.com\\\/es\\\/#website\"},\"datePublished\":\"2011-05-15T00:32:40+00:00\",\"dateModified\":\"2026-02-06T07:59:30+00:00\",\"description\":\"c\u00e1mara profesional multiling\u00fce para capturar im\u00e1genes en producciones audiovisuales (cine, TV, eventos).\",\"breadcrumb\":{\"@id\":\"https:\\\/\\\/www.popular-pictures.com\\\/es\\\/camera-crew-spain\\\/#breadcrumb\"},\"inLanguage\":\"es\",\"potentialAction\":[{\"@type\":\"ReadAction\",\"target\":[\"https:\\\/\\\/www.popular-pictures.com\\\/es\\\/camera-crew-spain\\\/\"]}]},{\"@type\":\"BreadcrumbList\",\"@id\":\"https:\\\/\\\/www.popular-pictures.com\\\/es\\\/camera-crew-spain\\\/#breadcrumb\",\"itemListElement\":[{\"@type\":\"ListItem\",\"position\":1,\"name\":\"Home\",\"item\":\"https:\\\/\\\/www.popular-pictures.com\\\/es\\\/\"},{\"@type\":\"ListItem\",\"position\":2,\"name\":\"operador de c\u00e1mara biling\u00fce\"}]},{\"@type\":\"WebSite\",\"@id\":\"https:\\\/\\\/www.popular-pictures.com\\\/es\\\/#website\",\"url\":\"https:\\\/\\\/www.popular-pictures.com\\\/es\\\/\",\"name\":\"english video crew spain - Popular Pictures\",\"description\":\"deutschsprachiges Kamerateam Spanien\",\"publisher\":{\"@id\":\"https:\\\/\\\/www.popular-pictures.com\\\/es\\\/#organization\"},\"potentialAction\":[{\"@type\":\"SearchAction\",\"target\":{\"@type\":\"EntryPoint\",\"urlTemplate\":\"https:\\\/\\\/www.popular-pictures.com\\\/es\\\/?s={search_term_string}\"},\"query-input\":{\"@type\":\"PropertyValueSpecification\",\"valueRequired\":true,\"valueName\":\"search_term_string\"}}],\"inLanguage\":\"es\"},{\"@type\":\"Organization\",\"@id\":\"https:\\\/\\\/www.popular-pictures.com\\\/es\\\/#organization\",\"name\":\"english video crew spain - Popular Pictures\",\"url\":\"https:\\\/\\\/www.popular-pictures.com\\\/es\\\/\",\"logo\":{\"@type\":\"ImageObject\",\"inLanguage\":\"es\",\"@id\":\"https:\\\/\\\/www.popular-pictures.com\\\/es\\\/#\\\/schema\\\/logo\\\/image\\\/\",\"url\":\"https:\\\/\\\/www.popular-pictures.com\\\/wp-content\\\/uploads\\\/2021\\\/11\\\/popularpictures-video-production-spain.png\",\"contentUrl\":\"https:\\\/\\\/www.popular-pictures.com\\\/wp-content\\\/uploads\\\/2021\\\/11\\\/popularpictures-video-production-spain.png\",\"width\":2048,\"height\":607,\"caption\":\"english video crew spain - Popular Pictures\"},\"image\":{\"@id\":\"https:\\\/\\\/www.popular-pictures.com\\\/es\\\/#\\\/schema\\\/logo\\\/image\\\/\"},\"sameAs\":[\"https:\\\/\\\/www.facebook.com\\\/PopularPictures\\\/\",\"https:\\\/\\\/www.instagram.com\\\/popularpicturesmedia\",\"https:\\\/\\\/www.linkedin.com\\\/company\\\/popular-pictures\"]}]}<\/script>\n<!-- \/ Yoast SEO plugin. -->","yoast_head_json":{"title":"operador de c\u00e1mara biling\u00fce - english video crew spain - Popular Pictures","description":"c\u00e1mara profesional multiling\u00fce para capturar im\u00e1genes en producciones audiovisuales (cine, TV, eventos).","robots":{"index":"index","follow":"follow","max-snippet":"max-snippet:-1","max-image-preview":"max-image-preview:large","max-video-preview":"max-video-preview:-1"},"canonical":"https:\/\/www.popular-pictures.com\/es\/camera-crew-spain\/","og_locale":"es_ES","og_type":"article","og_title":"operador de c\u00e1mara biling\u00fce - english video crew spain - Popular Pictures","og_description":"c\u00e1mara profesional multiling\u00fce para capturar im\u00e1genes en producciones audiovisuales (cine, TV, eventos).","og_url":"https:\/\/www.popular-pictures.com\/es\/camera-crew-spain\/","og_site_name":"english video crew spain - Popular Pictures","article_publisher":"https:\/\/www.facebook.com\/PopularPictures\/","article_modified_time":"2026-02-06T07:59:30+00:00","twitter_card":"summary_large_image","twitter_misc":{"Tiempo de lectura":"1 minuto"},"schema":{"@context":"https:\/\/schema.org","@graph":[{"@type":"WebPage","@id":"https:\/\/www.popular-pictures.com\/es\/camera-crew-spain\/","url":"https:\/\/www.popular-pictures.com\/es\/camera-crew-spain\/","name":"operador de c\u00e1mara biling\u00fce - english video crew spain - Popular Pictures","isPartOf":{"@id":"https:\/\/www.popular-pictures.com\/es\/#website"},"datePublished":"2011-05-15T00:32:40+00:00","dateModified":"2026-02-06T07:59:30+00:00","description":"c\u00e1mara profesional multiling\u00fce para capturar im\u00e1genes en producciones audiovisuales (cine, TV, eventos).","breadcrumb":{"@id":"https:\/\/www.popular-pictures.com\/es\/camera-crew-spain\/#breadcrumb"},"inLanguage":"es","potentialAction":[{"@type":"ReadAction","target":["https:\/\/www.popular-pictures.com\/es\/camera-crew-spain\/"]}]},{"@type":"BreadcrumbList","@id":"https:\/\/www.popular-pictures.com\/es\/camera-crew-spain\/#breadcrumb","itemListElement":[{"@type":"ListItem","position":1,"name":"Home","item":"https:\/\/www.popular-pictures.com\/es\/"},{"@type":"ListItem","position":2,"name":"operador de c\u00e1mara biling\u00fce"}]},{"@type":"WebSite","@id":"https:\/\/www.popular-pictures.com\/es\/#website","url":"https:\/\/www.popular-pictures.com\/es\/","name":"english video crew spain - Popular Pictures","description":"deutschsprachiges Kamerateam Spanien","publisher":{"@id":"https:\/\/www.popular-pictures.com\/es\/#organization"},"potentialAction":[{"@type":"SearchAction","target":{"@type":"EntryPoint","urlTemplate":"https:\/\/www.popular-pictures.com\/es\/?s={search_term_string}"},"query-input":{"@type":"PropertyValueSpecification","valueRequired":true,"valueName":"search_term_string"}}],"inLanguage":"es"},{"@type":"Organization","@id":"https:\/\/www.popular-pictures.com\/es\/#organization","name":"english video crew spain - Popular Pictures","url":"https:\/\/www.popular-pictures.com\/es\/","logo":{"@type":"ImageObject","inLanguage":"es","@id":"https:\/\/www.popular-pictures.com\/es\/#\/schema\/logo\/image\/","url":"https:\/\/www.popular-pictures.com\/wp-content\/uploads\/2021\/11\/popularpictures-video-production-spain.png","contentUrl":"https:\/\/www.popular-pictures.com\/wp-content\/uploads\/2021\/11\/popularpictures-video-production-spain.png","width":2048,"height":607,"caption":"english video crew spain - Popular Pictures"},"image":{"@id":"https:\/\/www.popular-pictures.com\/es\/#\/schema\/logo\/image\/"},"sameAs":["https:\/\/www.facebook.com\/PopularPictures\/","https:\/\/www.instagram.com\/popularpicturesmedia","https:\/\/www.linkedin.com\/company\/popular-pictures"]}]}},"_links":{"self":[{"href":"https:\/\/www.popular-pictures.com\/es\/wp-json\/wp\/v2\/pages\/19542","targetHints":{"allow":["GET"]}}],"collection":[{"href":"https:\/\/www.popular-pictures.com\/es\/wp-json\/wp\/v2\/pages"}],"about":[{"href":"https:\/\/www.popular-pictures.com\/es\/wp-json\/wp\/v2\/types\/page"}],"author":[{"embeddable":true,"href":"https:\/\/www.popular-pictures.com\/es\/wp-json\/wp\/v2\/users\/1"}],"replies":[{"embeddable":true,"href":"https:\/\/www.popular-pictures.com\/es\/wp-json\/wp\/v2\/comments?post=19542"}],"version-history":[{"count":31,"href":"https:\/\/www.popular-pictures.com\/es\/wp-json\/wp\/v2\/pages\/19542\/revisions"}],"predecessor-version":[{"id":19851,"href":"https:\/\/www.popular-pictures.com\/es\/wp-json\/wp\/v2\/pages\/19542\/revisions\/19851"}],"wp:attachment":[{"href":"https:\/\/www.popular-pictures.com\/es\/wp-json\/wp\/v2\/media?parent=19542"}],"wp:term":[{"taxonomy":"category","embeddable":true,"href":"https:\/\/www.popular-pictures.com\/es\/wp-json\/wp\/v2\/categories?post=19542"},{"taxonomy":"post_tag","embeddable":true,"href":"https:\/\/www.popular-pictures.com\/es\/wp-json\/wp\/v2\/tags?post=19542"}],"curies":[{"name":"wp","href":"https:\/\/api.w.org\/{rel}","templated":true}]}}