{"id":19293,"date":"2011-05-15T00:32:40","date_gmt":"2011-05-15T00:32:40","guid":{"rendered":"https:\/\/www.popular-pictures.com\/camera-crew-spain\/"},"modified":"2026-02-06T08:02:24","modified_gmt":"2026-02-06T08:02:24","slug":"camera-crew-spain","status":"publish","type":"page","link":"https:\/\/www.popular-pictures.com\/de\/camera-crew-spain\/","title":{"rendered":"Kamerateam Spanien"},"content":{"rendered":"\t\t<div data-elementor-type=\"wp-page\" data-elementor-id=\"19293\" class=\"elementor elementor-19293 elementor-46\" data-elementor-post-type=\"page\">\n\t\t\t\t\t\t<section class=\"elementor-section elementor-top-section elementor-element elementor-element-3f0d57ff elementor-section-height-min-height elementor-section-full_width elementor-section-height-default elementor-section-items-middle\" data-id=\"3f0d57ff\" data-element_type=\"section\" data-e-type=\"section\" data-settings=\"{&quot;background_background&quot;:&quot;video&quot;,&quot;background_video_link&quot;:&quot;https:\\\/\\\/vimeo.com\\\/413648901&quot;,&quot;background_video_start&quot;:1,&quot;background_video_end&quot;:8}\">\n\t\t\t\t\t\t\t\t<div class=\"elementor-background-video-container elementor-hidden-mobile\">\n\t\t\t\t\t\t\t\t\t\t\t\t\t<div class=\"elementor-background-video-embed\" role=\"presentation\"><\/div>\n\t\t\t\t\t\t\t\t\t\t\t\t<\/div>\n\t\t\t\t\t\t\t\t\t<div class=\"elementor-background-overlay\"><\/div>\n\t\t\t\t\t\t\t<div class=\"elementor-container elementor-column-gap-default\">\n\t\t\t\t\t<div class=\"elementor-column elementor-col-100 elementor-top-column elementor-element elementor-element-32d863ec\" data-id=\"32d863ec\" data-element_type=\"column\" data-e-type=\"column\">\n\t\t\t<div class=\"elementor-widget-wrap elementor-element-populated\">\n\t\t\t\t\t\t<section class=\"elementor-section elementor-inner-section elementor-element elementor-element-c1f92b1 elementor-section-content-space-between elementor-section-boxed elementor-section-height-default elementor-section-height-default\" data-id=\"c1f92b1\" data-element_type=\"section\" data-e-type=\"section\">\n\t\t\t\t\t\t<div class=\"elementor-container elementor-column-gap-wide\">\n\t\t\t\t\t<div class=\"elementor-column elementor-col-50 elementor-inner-column elementor-element elementor-element-d9f7ace\" data-id=\"d9f7ace\" data-element_type=\"column\" data-e-type=\"column\">\n\t\t\t<div class=\"elementor-widget-wrap\">\n\t\t\t\t\t\t\t<\/div>\n\t\t<\/div>\n\t\t\t\t<div class=\"elementor-column elementor-col-50 elementor-inner-column elementor-element elementor-element-3d5c004\" data-id=\"3d5c004\" data-element_type=\"column\" data-e-type=\"column\">\n\t\t\t<div class=\"elementor-widget-wrap elementor-element-populated\">\n\t\t\t\t\t\t<div class=\"elementor-element elementor-element-7303712 elementor-absolute elementor-widget elementor-widget-text-editor\" data-id=\"7303712\" data-element_type=\"widget\" data-e-type=\"widget\" data-settings=\"{&quot;_position&quot;:&quot;absolute&quot;}\" data-widget_type=\"text-editor.default\">\n\t\t\t\t<div class=\"elementor-widget-container\">\n\t\t\t\t\t\t\t\t\t<p>Egal, ob komplettes <b>Film-Team<\/b> (<b>DoP\/Kameramann, Beleuchter, Gaffer, 1st AC, Focus Puller, Kamera-Assistent, DIT, Tonmann, DIT, 1st AD, Aufnahmeleiter, Location Manager<\/b>) in <b>Spanien<\/b> oder ein <b>deutsches EB-Kamera-Team<\/b> mit zweisprachigem Kameramann, Tontechniker und komplettem Kamera-, Ton- und Licht-Equipment. Popular Pictures bietet professionelle, zweisprachige <b>Video-Crews<\/b><span class=\"Apple-converted-space\">\u00a0 <\/span>in ganz <b>Spanien<\/b> f\u00fcr TV, Film und Werbung,<span class=\"Apple-converted-space\">\u00a0 <\/span>Live-Schalten, <b>Videostreaming<\/b>-, <b>Webcast<\/b>&#8211; und <b>Multikamera-Live-Produktionen<\/b>, Konferenzvideos, Produkt-Pr\u00e4sentationen und Experteninterviews. Aber auch <span class=\"Apple-converted-space\">\u00a0 <\/span>Videojournalisten, Kamera-Assistenten, Runner, Fahrer und alles Weitere was Sie f\u00fcr eine reibungslose <b>Videoproduktion<\/b> in <b>Spanien<\/b> ben\u00f6tigen.\u00a0Wir kennen die Anforderungen und Arbeitsabl\u00e4ufe in deutschen TV-Redaktionen und Produktionsfirmen und wissen, wie wir diese in Spanien umsetzen. Unser erfahrenes Team sorgt daf\u00fcr, dass Ihre Produktion in Spanien glatt l\u00e4uft.<\/p>\t\t\t\t\t\t\t\t<\/div>\n\t\t\t\t<\/div>\n\t\t\t\t\t<\/div>\n\t\t<\/div>\n\t\t\t\t\t<\/div>\n\t\t<\/section>\n\t\t\t\t<div class=\"elementor-element elementor-element-cbdff63 elementor-widget__width-initial elementor-absolute elementor-widget elementor-widget-heading\" data-id=\"cbdff63\" data-element_type=\"widget\" data-e-type=\"widget\" data-settings=\"{&quot;_position&quot;:&quot;absolute&quot;}\" data-widget_type=\"heading.default\">\n\t\t\t\t<div class=\"elementor-widget-container\">\n\t\t\t\t\t<h1 class=\"elementor-heading-title elementor-size-default\">Deutsches Kamera-Team in Spanien<\/h1>\t\t\t\t<\/div>\n\t\t\t\t<\/div>\n\t\t\t\t\t<\/div>\n\t\t<\/div>\n\t\t\t\t\t<\/div>\n\t\t<\/section>\n\t\t\t\t<section class=\"elementor-section elementor-top-section elementor-element elementor-element-e54cc59 elementor-section-boxed elementor-section-height-default elementor-section-height-default\" data-id=\"e54cc59\" data-element_type=\"section\" data-e-type=\"section\" data-settings=\"{&quot;background_background&quot;:&quot;classic&quot;}\">\n\t\t\t\t\t\t<div class=\"elementor-container elementor-column-gap-default\">\n\t\t\t\t\t<div class=\"elementor-column elementor-col-100 elementor-top-column elementor-element elementor-element-94866fb\" data-id=\"94866fb\" data-element_type=\"column\" data-e-type=\"column\">\n\t\t\t<div class=\"elementor-widget-wrap elementor-element-populated\">\n\t\t\t\t\t\t<div class=\"elementor-element elementor-element-64db62e elementor-widget elementor-widget-spacer\" data-id=\"64db62e\" data-element_type=\"widget\" data-e-type=\"widget\" data-widget_type=\"spacer.default\">\n\t\t\t\t<div class=\"elementor-widget-container\">\n\t\t\t\t\t\t\t<div class=\"elementor-spacer\">\n\t\t\t<div class=\"elementor-spacer-inner\"><\/div>\n\t\t<\/div>\n\t\t\t\t\t\t<\/div>\n\t\t\t\t<\/div>\n\t\t\t\t\t<\/div>\n\t\t<\/div>\n\t\t\t\t\t<\/div>\n\t\t<\/section>\n\t\t\t\t<section class=\"elementor-section elementor-top-section elementor-element elementor-element-fb70f8e elementor-section-full_width elementor-section-height-default elementor-section-height-default\" data-id=\"fb70f8e\" data-element_type=\"section\" data-e-type=\"section\" data-settings=\"{&quot;background_background&quot;:&quot;classic&quot;}\">\n\t\t\t\t\t\t<div class=\"elementor-container elementor-column-gap-default\">\n\t\t\t\t\t<div class=\"elementor-column elementor-col-100 elementor-top-column elementor-element elementor-element-484b736\" data-id=\"484b736\" data-element_type=\"column\" data-e-type=\"column\" data-settings=\"{&quot;background_background&quot;:&quot;gradient&quot;}\">\n\t\t\t<div class=\"elementor-widget-wrap elementor-element-populated\">\n\t\t\t\t\t\t<section class=\"elementor-section elementor-inner-section elementor-element elementor-element-34f62e7 elementor-section-boxed elementor-section-height-default elementor-section-height-default\" data-id=\"34f62e7\" data-element_type=\"section\" data-e-type=\"section\" data-settings=\"{&quot;background_background&quot;:&quot;classic&quot;}\">\n\t\t\t\t\t\t\t<div class=\"elementor-background-overlay\"><\/div>\n\t\t\t\t\t\t\t<div class=\"elementor-container elementor-column-gap-default\">\n\t\t\t\t\t<div class=\"elementor-column elementor-col-100 elementor-inner-column elementor-element elementor-element-a2a0861\" data-id=\"a2a0861\" data-element_type=\"column\" data-e-type=\"column\" data-settings=\"{&quot;background_background&quot;:&quot;classic&quot;}\">\n\t\t\t<div class=\"elementor-widget-wrap elementor-element-populated\">\n\t\t\t\t\t\t\t<\/div>\n\t\t<\/div>\n\t\t\t\t\t<\/div>\n\t\t<\/section>\n\t\t\t\t\t<\/div>\n\t\t<\/div>\n\t\t\t\t\t<\/div>\n\t\t<\/section>\n\t\t\t\t<\/div>\n\t\t","protected":false},"excerpt":{"rendered":"<p>Egal, ob komplettes Film-Team (DoP\/Kameramann, Beleuchter, Gaffer, 1st AC, Focus Puller, Kamera-Assistent, DIT, Tonmann, DIT, 1st AD, Aufnahmeleiter, Location Manager) in Spanien oder ein deutsches EB-Kamera-Team mit zweisprachigem Kameramann, Tontechniker und komplettem Kamera-, Ton- und Licht-Equipment. Popular Pictures bietet professionelle, zweisprachige Video-Crews&nbsp; in ganz Spanien f\u00fcr TV, Film und Werbung,&nbsp; Live-Schalten, Videostreaming-, Webcast&#8211; und Multikamera-Live-Produktionen, [&hellip;]<\/p>\n","protected":false},"author":1,"featured_media":0,"parent":0,"menu_order":0,"comment_status":"open","ping_status":"closed","template":"","meta":{"footnotes":""},"categories":[],"tags":[],"class_list":["post-19293","page","type-page","status-publish","hentry"],"yoast_head":"<!-- This site is optimized with the Yoast SEO plugin v27.3 - https:\/\/yoast.com\/product\/yoast-seo-wordpress\/ -->\n<title>Kamerateam Spanien - english video crew spain - Popular Pictures<\/title>\n<meta name=\"description\" content=\"Zuverl\u00e4ssiges, zweisprachiges Kamerateam und Video-Produktion in Spanien. Wir haben \u00fcber 15 Jahre Erfahrung und drehen f\u00fcr TV, Werbung und Corporate\" \/>\n<meta name=\"robots\" content=\"index, follow, max-snippet:-1, max-image-preview:large, max-video-preview:-1\" \/>\n<link rel=\"canonical\" href=\"https:\/\/www.popular-pictures.com\/de\/camera-crew-spain\/\" \/>\n<meta property=\"og:locale\" content=\"de_DE\" \/>\n<meta property=\"og:type\" content=\"article\" \/>\n<meta property=\"og:title\" content=\"Kamerateam Spanien - english video crew spain - Popular Pictures\" \/>\n<meta property=\"og:description\" content=\"Zuverl\u00e4ssiges, zweisprachiges Kamerateam und Video-Produktion in Spanien. Wir haben \u00fcber 15 Jahre Erfahrung und drehen f\u00fcr TV, Werbung und Corporate\" \/>\n<meta property=\"og:url\" content=\"https:\/\/www.popular-pictures.com\/de\/camera-crew-spain\/\" \/>\n<meta property=\"og:site_name\" content=\"english video crew spain - Popular Pictures\" \/>\n<meta property=\"article:publisher\" content=\"https:\/\/www.facebook.com\/PopularPictures\/\" \/>\n<meta property=\"article:modified_time\" content=\"2026-02-06T08:02:24+00:00\" \/>\n<meta name=\"twitter:card\" content=\"summary_large_image\" \/>\n<meta name=\"twitter:label1\" content=\"Gesch\u00e4tzte Lesezeit\" \/>\n\t<meta name=\"twitter:data1\" content=\"1\u00a0Minute\" \/>\n<script type=\"application\/ld+json\" class=\"yoast-schema-graph\">{\"@context\":\"https:\\\/\\\/schema.org\",\"@graph\":[{\"@type\":\"WebPage\",\"@id\":\"https:\\\/\\\/www.popular-pictures.com\\\/de\\\/camera-crew-spain\\\/\",\"url\":\"https:\\\/\\\/www.popular-pictures.com\\\/de\\\/camera-crew-spain\\\/\",\"name\":\"Kamerateam Spanien - english video crew spain - Popular Pictures\",\"isPartOf\":{\"@id\":\"https:\\\/\\\/www.popular-pictures.com\\\/de\\\/#website\"},\"datePublished\":\"2011-05-15T00:32:40+00:00\",\"dateModified\":\"2026-02-06T08:02:24+00:00\",\"description\":\"Zuverl\u00e4ssiges, zweisprachiges Kamerateam und Video-Produktion in Spanien. Wir haben \u00fcber 15 Jahre Erfahrung und drehen f\u00fcr TV, Werbung und Corporate\",\"breadcrumb\":{\"@id\":\"https:\\\/\\\/www.popular-pictures.com\\\/de\\\/camera-crew-spain\\\/#breadcrumb\"},\"inLanguage\":\"de\",\"potentialAction\":[{\"@type\":\"ReadAction\",\"target\":[\"https:\\\/\\\/www.popular-pictures.com\\\/de\\\/camera-crew-spain\\\/\"]}]},{\"@type\":\"BreadcrumbList\",\"@id\":\"https:\\\/\\\/www.popular-pictures.com\\\/de\\\/camera-crew-spain\\\/#breadcrumb\",\"itemListElement\":[{\"@type\":\"ListItem\",\"position\":1,\"name\":\"Home\",\"item\":\"https:\\\/\\\/www.popular-pictures.com\\\/de\\\/\"},{\"@type\":\"ListItem\",\"position\":2,\"name\":\"Kamerateam Spanien\"}]},{\"@type\":\"WebSite\",\"@id\":\"https:\\\/\\\/www.popular-pictures.com\\\/de\\\/#website\",\"url\":\"https:\\\/\\\/www.popular-pictures.com\\\/de\\\/\",\"name\":\"english video crew spain - Popular Pictures\",\"description\":\"deutschsprachiges Kamerateam Spanien\",\"publisher\":{\"@id\":\"https:\\\/\\\/www.popular-pictures.com\\\/de\\\/#organization\"},\"potentialAction\":[{\"@type\":\"SearchAction\",\"target\":{\"@type\":\"EntryPoint\",\"urlTemplate\":\"https:\\\/\\\/www.popular-pictures.com\\\/de\\\/?s={search_term_string}\"},\"query-input\":{\"@type\":\"PropertyValueSpecification\",\"valueRequired\":true,\"valueName\":\"search_term_string\"}}],\"inLanguage\":\"de\"},{\"@type\":\"Organization\",\"@id\":\"https:\\\/\\\/www.popular-pictures.com\\\/de\\\/#organization\",\"name\":\"english video crew spain - Popular Pictures\",\"url\":\"https:\\\/\\\/www.popular-pictures.com\\\/de\\\/\",\"logo\":{\"@type\":\"ImageObject\",\"inLanguage\":\"de\",\"@id\":\"https:\\\/\\\/www.popular-pictures.com\\\/de\\\/#\\\/schema\\\/logo\\\/image\\\/\",\"url\":\"https:\\\/\\\/www.popular-pictures.com\\\/wp-content\\\/uploads\\\/2021\\\/11\\\/popularpictures-video-production-spain.png\",\"contentUrl\":\"https:\\\/\\\/www.popular-pictures.com\\\/wp-content\\\/uploads\\\/2021\\\/11\\\/popularpictures-video-production-spain.png\",\"width\":2048,\"height\":607,\"caption\":\"english video crew spain - Popular Pictures\"},\"image\":{\"@id\":\"https:\\\/\\\/www.popular-pictures.com\\\/de\\\/#\\\/schema\\\/logo\\\/image\\\/\"},\"sameAs\":[\"https:\\\/\\\/www.facebook.com\\\/PopularPictures\\\/\",\"https:\\\/\\\/www.instagram.com\\\/popularpicturesmedia\",\"https:\\\/\\\/www.linkedin.com\\\/company\\\/popular-pictures\"]}]}<\/script>\n<!-- \/ Yoast SEO plugin. -->","yoast_head_json":{"title":"Kamerateam Spanien - english video crew spain - Popular Pictures","description":"Zuverl\u00e4ssiges, zweisprachiges Kamerateam und Video-Produktion in Spanien. Wir haben \u00fcber 15 Jahre Erfahrung und drehen f\u00fcr TV, Werbung und Corporate","robots":{"index":"index","follow":"follow","max-snippet":"max-snippet:-1","max-image-preview":"max-image-preview:large","max-video-preview":"max-video-preview:-1"},"canonical":"https:\/\/www.popular-pictures.com\/de\/camera-crew-spain\/","og_locale":"de_DE","og_type":"article","og_title":"Kamerateam Spanien - english video crew spain - Popular Pictures","og_description":"Zuverl\u00e4ssiges, zweisprachiges Kamerateam und Video-Produktion in Spanien. Wir haben \u00fcber 15 Jahre Erfahrung und drehen f\u00fcr TV, Werbung und Corporate","og_url":"https:\/\/www.popular-pictures.com\/de\/camera-crew-spain\/","og_site_name":"english video crew spain - Popular Pictures","article_publisher":"https:\/\/www.facebook.com\/PopularPictures\/","article_modified_time":"2026-02-06T08:02:24+00:00","twitter_card":"summary_large_image","twitter_misc":{"Gesch\u00e4tzte Lesezeit":"1\u00a0Minute"},"schema":{"@context":"https:\/\/schema.org","@graph":[{"@type":"WebPage","@id":"https:\/\/www.popular-pictures.com\/de\/camera-crew-spain\/","url":"https:\/\/www.popular-pictures.com\/de\/camera-crew-spain\/","name":"Kamerateam Spanien - english video crew spain - Popular Pictures","isPartOf":{"@id":"https:\/\/www.popular-pictures.com\/de\/#website"},"datePublished":"2011-05-15T00:32:40+00:00","dateModified":"2026-02-06T08:02:24+00:00","description":"Zuverl\u00e4ssiges, zweisprachiges Kamerateam und Video-Produktion in Spanien. Wir haben \u00fcber 15 Jahre Erfahrung und drehen f\u00fcr TV, Werbung und Corporate","breadcrumb":{"@id":"https:\/\/www.popular-pictures.com\/de\/camera-crew-spain\/#breadcrumb"},"inLanguage":"de","potentialAction":[{"@type":"ReadAction","target":["https:\/\/www.popular-pictures.com\/de\/camera-crew-spain\/"]}]},{"@type":"BreadcrumbList","@id":"https:\/\/www.popular-pictures.com\/de\/camera-crew-spain\/#breadcrumb","itemListElement":[{"@type":"ListItem","position":1,"name":"Home","item":"https:\/\/www.popular-pictures.com\/de\/"},{"@type":"ListItem","position":2,"name":"Kamerateam Spanien"}]},{"@type":"WebSite","@id":"https:\/\/www.popular-pictures.com\/de\/#website","url":"https:\/\/www.popular-pictures.com\/de\/","name":"english video crew spain - Popular Pictures","description":"deutschsprachiges Kamerateam Spanien","publisher":{"@id":"https:\/\/www.popular-pictures.com\/de\/#organization"},"potentialAction":[{"@type":"SearchAction","target":{"@type":"EntryPoint","urlTemplate":"https:\/\/www.popular-pictures.com\/de\/?s={search_term_string}"},"query-input":{"@type":"PropertyValueSpecification","valueRequired":true,"valueName":"search_term_string"}}],"inLanguage":"de"},{"@type":"Organization","@id":"https:\/\/www.popular-pictures.com\/de\/#organization","name":"english video crew spain - Popular Pictures","url":"https:\/\/www.popular-pictures.com\/de\/","logo":{"@type":"ImageObject","inLanguage":"de","@id":"https:\/\/www.popular-pictures.com\/de\/#\/schema\/logo\/image\/","url":"https:\/\/www.popular-pictures.com\/wp-content\/uploads\/2021\/11\/popularpictures-video-production-spain.png","contentUrl":"https:\/\/www.popular-pictures.com\/wp-content\/uploads\/2021\/11\/popularpictures-video-production-spain.png","width":2048,"height":607,"caption":"english video crew spain - Popular Pictures"},"image":{"@id":"https:\/\/www.popular-pictures.com\/de\/#\/schema\/logo\/image\/"},"sameAs":["https:\/\/www.facebook.com\/PopularPictures\/","https:\/\/www.instagram.com\/popularpicturesmedia","https:\/\/www.linkedin.com\/company\/popular-pictures"]}]}},"_links":{"self":[{"href":"https:\/\/www.popular-pictures.com\/de\/wp-json\/wp\/v2\/pages\/19293","targetHints":{"allow":["GET"]}}],"collection":[{"href":"https:\/\/www.popular-pictures.com\/de\/wp-json\/wp\/v2\/pages"}],"about":[{"href":"https:\/\/www.popular-pictures.com\/de\/wp-json\/wp\/v2\/types\/page"}],"author":[{"embeddable":true,"href":"https:\/\/www.popular-pictures.com\/de\/wp-json\/wp\/v2\/users\/1"}],"replies":[{"embeddable":true,"href":"https:\/\/www.popular-pictures.com\/de\/wp-json\/wp\/v2\/comments?post=19293"}],"version-history":[{"count":10,"href":"https:\/\/www.popular-pictures.com\/de\/wp-json\/wp\/v2\/pages\/19293\/revisions"}],"predecessor-version":[{"id":19738,"href":"https:\/\/www.popular-pictures.com\/de\/wp-json\/wp\/v2\/pages\/19293\/revisions\/19738"}],"wp:attachment":[{"href":"https:\/\/www.popular-pictures.com\/de\/wp-json\/wp\/v2\/media?parent=19293"}],"wp:term":[{"taxonomy":"category","embeddable":true,"href":"https:\/\/www.popular-pictures.com\/de\/wp-json\/wp\/v2\/categories?post=19293"},{"taxonomy":"post_tag","embeddable":true,"href":"https:\/\/www.popular-pictures.com\/de\/wp-json\/wp\/v2\/tags?post=19293"}],"curies":[{"name":"wp","href":"https:\/\/api.w.org\/{rel}","templated":true}]}}